{"id":82,"date":"2020-06-15T04:35:37","date_gmt":"2020-06-15T04:35:37","guid":{"rendered":"http:\/\/escolares.lalaguna.tecnm.mx\/web\/?page_id=82"},"modified":"2021-11-22T12:16:37","modified_gmt":"2021-11-22T18:16:37","slug":"seguro-facultativo","status":"publish","type":"page","link":"https:\/\/escolares.lalaguna.tecnm.mx\/web\/index.php\/seguro-facultativo\/","title":{"rendered":"IMSS seguro facultativo"},"content":{"rendered":"\n<p>El Seguro de Salud para estudiantes es un esquema de aseguramiento m\u00e9dico que otorga el IMSS, de forma gratuita, a los estudiantes de las instituciones p\u00fablicas de los niveles medio superior, superior y de postgrado.<\/p>\n\n\n\n<p>\u00bfQu\u00e9 debo hacer para obtener el beneficio?<\/p>\n\n\n\n<p>Lo primero que debes hacer es obtener tu&nbsp;<strong>N\u00famero de Seguridad Social<\/strong>&nbsp;(NSS), que es para toda la vida. Es muy sencillo y tienes tres alternativas para hacerlo:<\/p>\n\n\n\n<ol class=\"wp-block-list\"><li><strong>Web:<\/strong>&nbsp;<a rel=\"noreferrer noopener\" href=\"https:\/\/serviciosdigitales.imss.gob.mx\/gestionAsegurados-web-externo\/home\/asegurado\" target=\"_blank\">Utiliza el tr\u00e1mite de asignaci\u00f3n o localizaci\u00f3n del N\u00famero de Seguridad Social<\/a>. Para ello necesitas tener a la mano CURP, comprobante de domicilio y correo electr\u00f3nico;<\/li><li><strong>App:<\/strong>&nbsp;<a href=\"http:\/\/www.imss.gob.mx\/apps\">Descarga el App IMSS Digital<\/a>&nbsp;en tu celular, y gen\u00e9ralo en la sesi\u00f3n de tr\u00e1mites y servicios. Tambi\u00e9n necesitas tu CURP, comprobante de domicilio y correo electr\u00f3nico,<\/li><li><strong>Subdelegaci\u00f3n:<\/strong>&nbsp;<a href=\"http:\/\/www.imss.gob.mx\/directorio\">Acude a alguna de las Subdelegaciones del IMSS<\/a>&nbsp;con CURP, comprobante de domicilio, acta de nacimiento y un correo electr\u00f3nico valido, adem\u00e1s de una identificaci\u00f3n oficial.<\/li><\/ol>\n\n\n\n<p>Cuando hayas obtenido tu&nbsp;<strong>NSS<\/strong> (Formato PDF), debes enviarlo al correo seguro.facultativo@correo.itlalaguna.edu.mx los tr\u00e1mites los realizamos los d\u00edas viernes de cada semana. Una vez enviado deber\u00e1s consultar tu vigencia en la p\u00e1gina:<\/p>\n\n\n\n<p><a href=\"https:\/\/serviciosdigitales.imss.gob.mx\/gestionAsegurados-web-externo\/vigencia\">https:\/\/serviciosdigitales.imss.gob.mx\/gestionAsegurados-web-externo\/vigencia<\/a><\/p>\n","protected":false},"excerpt":{"rendered":"<p>El Seguro de Salud para estudiantes es un esquema de aseguramiento m\u00e9dico que otorga el IMSS, de forma gratuita, a los estudiantes de las instituciones p\u00fablicas de los niveles medio superior, superior y de postgrado. \u00bfQu\u00e9 debo hacer para obtener el beneficio? Lo primero que debes hacer es obtener tu&nbsp;N\u00famero de Seguridad Social&nbsp;(NSS), que es [&hellip;]<\/p>\n","protected":false},"author":1,"featured_media":135,"parent":0,"menu_order":0,"comment_status":"closed","ping_status":"closed","template":"","meta":{"footnotes":""},"class_list":["post-82","page","type-page","status-publish","has-post-thumbnail","hentry"],"_links":{"self":[{"href":"https:\/\/escolares.lalaguna.tecnm.mx\/web\/index.php\/wp-json\/wp\/v2\/pages\/82","targetHints":{"allow":["GET"]}}],"collection":[{"href":"https:\/\/escolares.lalaguna.tecnm.mx\/web\/index.php\/wp-json\/wp\/v2\/pages"}],"about":[{"href":"https:\/\/escolares.lalaguna.tecnm.mx\/web\/index.php\/wp-json\/wp\/v2\/types\/page"}],"author":[{"embeddable":true,"href":"https:\/\/escolares.lalaguna.tecnm.mx\/web\/index.php\/wp-json\/wp\/v2\/users\/1"}],"replies":[{"embeddable":true,"href":"https:\/\/escolares.lalaguna.tecnm.mx\/web\/index.php\/wp-json\/wp\/v2\/comments?post=82"}],"version-history":[{"count":7,"href":"https:\/\/escolares.lalaguna.tecnm.mx\/web\/index.php\/wp-json\/wp\/v2\/pages\/82\/revisions"}],"predecessor-version":[{"id":732,"href":"https:\/\/escolares.lalaguna.tecnm.mx\/web\/index.php\/wp-json\/wp\/v2\/pages\/82\/revisions\/732"}],"wp:featuredmedia":[{"embeddable":true,"href":"https:\/\/escolares.lalaguna.tecnm.mx\/web\/index.php\/wp-json\/wp\/v2\/media\/135"}],"wp:attachment":[{"href":"https:\/\/escolares.lalaguna.tecnm.mx\/web\/index.php\/wp-json\/wp\/v2\/media?parent=82"}],"curies":[{"name":"wp","href":"https:\/\/api.w.org\/{rel}","templated":true}]}}