{"id":191,"date":"2020-08-14T22:56:09","date_gmt":"2020-08-14T22:56:09","guid":{"rendered":"http:\/\/escolares.lalaguna.tecnm.mx\/web\/?page_id=191"},"modified":"2021-01-12T18:28:29","modified_gmt":"2021-01-12T18:28:29","slug":"requisitos-para-titulacion-integral","status":"publish","type":"page","link":"https:\/\/escolares.lalaguna.tecnm.mx\/web\/index.php\/requisitos-para-titulacion-integral\/","title":{"rendered":"Requisitos para Titulaci\u00f3n Integral."},"content":{"rendered":"\n<p>Se puede alcanzar al proceso de titulaci\u00f3n integral a trav\u00e9s de los siguientes proyectos: <\/p>\n\n\n\n<ul class=\"wp-block-list\"><li>Residencia Profesional.<\/li><li>Proyectos de Investigaci\u00f3n.<\/li><li>Desarrollo Tecnol\u00f3gico.<\/li><li>Proyecto Integrador.<\/li><li>Proyecto Productivo.<\/li><li>Proyecto de Innovaci\u00f3n Tecnol\u00f3gica.<\/li><li>Proyecto de emprendedurismo.<\/li><li>Proyecto Integral de educaci\u00f3n dual.<\/li><li>Estancia.<\/li><li>Tesis o tesina.<\/li><\/ul>\n\n\n\n<p> O presentando  la obtenci\u00f3n de Testimonio de Desempe\u00f1o Satisfactorio o Sobresaliente en el Examen General de Egreso de Licenciatura (EGEL) del Centro Nacional de Evaluaci\u00f3n para la Educaci\u00f3n Superior A.C. (CENEVAL).<\/p>\n\n\n\n<h2 class=\"wp-block-heading\">\u00bfQue requisitos requiero para titularme ?<\/h2>\n\n\n\n<ul class=\"wp-block-list\"><li>Haber acreditado todas la materias correspondientes al plan de estudios.<\/li><li>La acreditaci\u00f3n del programa de lengua extranjera presentando el certificado o constancia emitido por:<ul><li>Una Instituci\u00f3n u Organismo Nacional o Internacional con validez oficial: ETS(TODEL, TOEIC), Trinity, Cambridge y CENNI (El certificado debe validar la capacidad de entender, elaborar y comunicar de manera Oral y Escrita nociones est\u00e1ndar en el \u00e1mbito personal y profesional  de acuerdo al nivel B1 del Marco Com\u00fan Europeo  de Referencia.)<\/li><li>Coordinaci\u00f3n de Lenguas Extranjeras del Tecnol\u00f3gico<\/li><\/ul><\/li><li>Constancia de no inconveniencia para la realizaci\u00f3n del acto protocolario emitido por Servicios Escolares.<\/li><li>Documento probatorio de no adeudo econ\u00f3mico, material o equipo con las oficinas, laboratorios  y centro de informaci\u00f3n (Biblioteca).<\/li><li>Entrega de informe del proyecto de titulaci\u00f3n integral en formato digital  a la Divisi\u00f3n de Estudios Profesionales y Centro de Informaci\u00f3n (Biblioteca).<\/li><li>Liberaci\u00f3n del proyecto de titulaci\u00f3n integral emitida por el Jefe del Departamento Acad\u00e9mico Correspondiente. (Una vez terminado el proyecto correspondiente).<\/li><li>Presentar acto protocolario del proyecto de Titulaci\u00f3n Integral (No se realiza exposici\u00f3n del mismo, solo en Tesis o Tesina).<\/li><\/ul>\n\n\n\n<p><a href=\"https:\/\/escolares.lalaguna.tecnm.mx\/web\/index.php\/2020\/06\/15\/procesos-de-titulacion\/\" target=\"_blank\" rel=\"noreferrer noopener\">VERIFICAR EL PROCESO DE TITULACI\u00d3N VIGENTE EN ESTE LINK<\/a><\/p>\n","protected":false},"excerpt":{"rendered":"<p>Se puede alcanzar al proceso de titulaci\u00f3n integral a trav\u00e9s de los siguientes proyectos: Residencia Profesional. Proyectos de Investigaci\u00f3n. Desarrollo Tecnol\u00f3gico. Proyecto Integrador. Proyecto Productivo. Proyecto de Innovaci\u00f3n Tecnol\u00f3gica. Proyecto de emprendedurismo. Proyecto Integral de educaci\u00f3n dual. Estancia. Tesis o tesina. O presentando la obtenci\u00f3n de Testimonio de Desempe\u00f1o Satisfactorio o Sobresaliente en el Examen [&hellip;]<\/p>\n","protected":false},"author":1,"featured_media":0,"parent":0,"menu_order":0,"comment_status":"closed","ping_status":"closed","template":"","meta":{"footnotes":""},"class_list":["post-191","page","type-page","status-publish","hentry"],"_links":{"self":[{"href":"https:\/\/escolares.lalaguna.tecnm.mx\/web\/index.php\/wp-json\/wp\/v2\/pages\/191","targetHints":{"allow":["GET"]}}],"collection":[{"href":"https:\/\/escolares.lalaguna.tecnm.mx\/web\/index.php\/wp-json\/wp\/v2\/pages"}],"about":[{"href":"https:\/\/escolares.lalaguna.tecnm.mx\/web\/index.php\/wp-json\/wp\/v2\/types\/page"}],"author":[{"embeddable":true,"href":"https:\/\/escolares.lalaguna.tecnm.mx\/web\/index.php\/wp-json\/wp\/v2\/users\/1"}],"replies":[{"embeddable":true,"href":"https:\/\/escolares.lalaguna.tecnm.mx\/web\/index.php\/wp-json\/wp\/v2\/comments?post=191"}],"version-history":[{"count":3,"href":"https:\/\/escolares.lalaguna.tecnm.mx\/web\/index.php\/wp-json\/wp\/v2\/pages\/191\/revisions"}],"predecessor-version":[{"id":451,"href":"https:\/\/escolares.lalaguna.tecnm.mx\/web\/index.php\/wp-json\/wp\/v2\/pages\/191\/revisions\/451"}],"wp:attachment":[{"href":"https:\/\/escolares.lalaguna.tecnm.mx\/web\/index.php\/wp-json\/wp\/v2\/media?parent=191"}],"curies":[{"name":"wp","href":"https:\/\/api.w.org\/{rel}","templated":true}]}}