{"id":155,"date":"2020-08-07T04:16:38","date_gmt":"2020-08-07T04:16:38","guid":{"rendered":"http:\/\/escolares.lalaguna.tecnm.mx\/web\/?page_id=155"},"modified":"2020-08-07T04:16:38","modified_gmt":"2020-08-07T04:16:38","slug":"seguro-institucional","status":"publish","type":"page","link":"https:\/\/escolares.lalaguna.tecnm.mx\/web\/index.php\/seguro-institucional\/","title":{"rendered":"Seguro Institucional"},"content":{"rendered":"\n<p>El TecNM-Instituto Tecnol\u00f3gico de la Laguna ofrece a sus alumnos el seguro Institucional a trav\u00e9s de Thona Seguros el cual consta de las siguientes coberturas:<\/p>\n\n\n\n<ol class=\"wp-block-list\"><li>Muerte por Accidente o Gastos Funerarios.<\/li><li>Perdidas org\u00e1nicas por accidente Escala B.<\/li><li>Gastos M\u00e9dicos por Accidente con un deducible de $500.00<\/li><li>Beca por fallecimiento del Padre o Tutor legal.<\/li><\/ol>\n\n\n\n<p>Para los casos 1, 2 y 4 deber\u00e1n comunicarse al departamento de servicios escolares y llevar la siguiente documentaci\u00f3n seg\u00fan sea el caso:<\/p>\n\n\n\n<p><strong>Muerte Accidental<\/strong><\/p>\n\n\n\n<ul class=\"wp-block-list\"><li>Original de la solicitud de reclamaci\u00f3n para el pago de siniestros.<\/li><li>Original del aviso de accidente firmado y sellado por el Institutos Tecnol\u00f3gicos Descentralizados, o Institutos Tecnol\u00f3gicos Federales o Centros adscritos al Tecnol\u00f3gico Nacional de M\u00e9xico.<\/li><li>Copia del comprobante de domicilio (Antig\u00fcedad no mayor 3 meses) del asegurado.<\/li><li>Copia de la identificaci\u00f3n oficial del Asegurado.<\/li><li>Original o copia certificada del acta de nacimiento del asegurado.<\/li><li>Original o copia certificada del acta de defunci\u00f3n del asegurado.<\/li><li>Copia certificada de acta nacimiento del o los beneficiarios.<\/li><li>Copia de la identificaci\u00f3n oficial del o los beneficiario.<\/li><li>Original o copia certificada del acta de o los nacimiento del beneficiario.<\/li><li>Copia del estado de cuenta bancario que indique CLABE Interbancaria del o los beneficiarios.<\/li><li>Acta de matrimonio (En caso de que el C\u00f3nyuge sea beneficiario)<\/li><li>Copia certificada de las Actuaciones del Ministerio P\u00fablico completas Averiguaciones previas, Identificaci\u00f3n del cad\u00e1ver, necropsia o dispensa, resultados de los estudios qu\u00edmicos toxicol\u00f3gicos y de alcoholemia, fotograf\u00edas, parte de tr\u00e1nsito en caso de accidente en carretera y conclusiones) (cuando en el accidente intervino alguna autoridad judicial)<\/li><li>Constancia de inscripci\u00f3n del asegurado en el ciclo escolar vigente<\/li><\/ul>\n\n\n\n<ul class=\"wp-block-list\"><li><\/li><\/ul>\n\n\n\n<p><strong>Perdidas Org\u00e1nicas Escala B<\/strong><\/p>\n\n\n\n<ul class=\"wp-block-list\"><li>Original de la solicitud de reclamaci\u00f3n de pago de siniestros.<\/li><li>Original del aviso de accidente firmado y sellado por el Institutos Tecnol\u00f3gicos Descentralizados, o Institutos Tecnol\u00f3gicos Federales o Centros adscritos al Tecnol\u00f3gico Nacional de M\u00e9xico.<\/li><li>Original del informe m\u00e9dico de la instituci\u00f3n oficial.<\/li><li>Copia del comprobante de domicilio del asegurado (Antig\u00fcedad no mayor 3 meses).<\/li><li>Copia de la identificaci\u00f3n oficial del Asegurado.<\/li><li>Original o copia certificada del acta de nacimiento del asegurado.<\/li><li>Copia del expediente cl\u00ednico completo que respalde la perdida org\u00e1nica, con radiograf\u00edas o estudios con su interpretaci\u00f3n<\/li><li>Copia del resultado de pruebas cl\u00ednicas, radiol\u00f3gicas, histol\u00f3gicas y de laboratorio que confirmen el diagnostico<\/li><li>Copia certificada de las actuaciones del ministerio p\u00fablico (cuando en el accidente intervino alguna autoridad judicial)<\/li><li>Copia del estado de cuenta bancario que indique CLABE interbancaria del titular.<\/li><li>Copia constancia de inscripci\u00f3n del asegurado en el ciclo escolar vigente<\/li><\/ul>\n\n\n\n<p><strong>Gastos Funerarios<\/strong><\/p>\n\n\n\n<ul class=\"wp-block-list\"><li>Formato de Solicitud Reclamaci\u00f3n de Beneficiarios.<\/li><li>Carta reclamaci\u00f3n en la que soliciten el pago del siniestro (en original) firmado y sellado por el Institutos Tecnol\u00f3gicos Descentralizados, o Institutos Tecnol\u00f3gicos Federales o Centros adscritos al Tecnol\u00f3gico Nacional de M\u00e9xico.<\/li><li>Copia del comprobante de domicilio beneficiario (Antig\u00fcedad no mayor 3 meses ).<\/li><li>Copia de la identificaci\u00f3n oficial del Asegurado en caso de menor de edad copia de la credencial del Instituto.<\/li><li>Original o copia certificada del acta de nacimiento del asegurado.<\/li><li>Original o copia certificada del acta de defunci\u00f3n del asegurado.<\/li><li>Original o Copia certificada de acta nacimiento del beneficiario.<\/li><li>Copia de la identificaci\u00f3n oficial del beneficiario<\/li><li>Copia del estado de cuenta bancario que indique CLABE interbancaria del beneficiario.<\/li><li>Acta de matrimonio actualizada a la fecha de la defunci\u00f3n (En caso de que el C\u00f3nyuge sea beneficiario).<\/li><li>Copia constancia de inscripci\u00f3n del asegurado en el ciclo escolar vigente.<\/li><\/ul>\n\n\n\n<p><strong>Beca educacional por fallecimiento del Padre o Tutor.<\/strong><\/p>\n\n\n\n<ul class=\"wp-block-list\"><li>Formato de Solicitud Reclamaci\u00f3n de Beneficiarios.<\/li><li>Carta reclamaci\u00f3n en la que soliciten el pago del siniestro (en original) firmado y sellado por el Institutos Tecnol\u00f3gicos Descentralizados, o Institutos Tecnol\u00f3gicos Federales o Centros adscritos al Tecnol\u00f3gico Nacional de M\u00e9xico.<\/li><li>Copia del comprobante de domicilio alumno (beneficiario) con una antig\u00fcedad no mayor 3 meses.<\/li><li>Copia de la identificaci\u00f3n oficial del Padre o Tutor.<\/li><li>Original o copia certificada del acta de nacimiento del asegurado o Padre o Tutor.<\/li><li>Original o copia certificada del acta de defunci\u00f3n del Padre o Tutor<\/li><li>Copia de la identificaci\u00f3n oficial del Alumno en caso de menor de edad copia de la credencial del Instituto (beneficiario).<\/li><li>Original o copia certificada del acta de nacimiento del Alumno (beneficiario).<\/li><li>Original o Copia certificada de la resoluci\u00f3n de tutela ante un juez de lo familiar (en caso de que aplique).<\/li><li>Copia del estado de cuenta bancario que indique CLABE interbancaria del Alumno (beneficiario).<\/li><li>Copia constancia de inscripci\u00f3n del asegurado en el ciclo escolar vigente.<\/li><\/ul>\n\n\n\n<p>THONA Seguros, S.A de C.V se reserva el derecho de solicitar cualquier tipo de informaci\u00f3n adicional a la que se menciona en este documento, que considere, necesaria para la valoraci\u00f3n de la reclamaci\u00f3n de acuerdo con lo dispuesto en el art\u00edculo 69 de la Ley Sobre el Contrato de Seguro.<\/p>\n\n\n\n<p>Para el caso 3 Gastos M\u00e9dicos, existen 2 opciones: el reembolso de gastos m\u00e9dicos o el pago directo al hospital. <\/p>\n\n\n\n<p><strong>Reembolso de Gastos M\u00e9dicos<\/strong><\/p>\n\n\n\n<ul class=\"wp-block-list\"><li>Solicitud de reclamaci\u00f3n de pago de siniestros<\/li><li>Aviso de accidente firmado y sellado por el Institutos Tecnol\u00f3gicos Descentralizados, o Institutos Tecnol\u00f3gicos Federales o Centros adscritos al Tecnol\u00f3gico Nacional de M\u00e9xico.<\/li><li>Formato de Informe medico<ul><li>Firmado por el Doctor<\/li><li>Firmado por asegurado <\/li><\/ul><\/li><li>Comprobante de domicilio (Antig\u00fcedad no mayor 3 meses)<\/li><li>Fotocopia de la identificaci\u00f3n oficial del Asegurado<\/li><li>Resultado de pruebas cl\u00ednicas, radiol\u00f3gicas, histol\u00f3gicas y de laboratorio que confirmen el diagnostico Con interpretaci\u00f3n m\u00e9dica<\/li><li>Comprobantes fiscales de gastos originales a nombre asegurado<\/li><li>Copia del estado de cuenta bancario que indique CLABE interbancaria del titular.<\/li><li>Historia Cl\u00ednica Completa, especificando fecha de inicio de padecimiento, evoluci\u00f3n cl\u00ednica y tratamiento.<\/li><li>Copia certificada de las actuaciones del ministerio p\u00fablico (cuando en el accidente intervino alguna autoridad judicial).<\/li><li>Copia constancia de inscripci\u00f3n del asegurado en el ciclo escolar vigente.<\/li><\/ul>\n\n\n\n<p><strong>Pago Directo al Hospital.<\/strong><\/p>\n\n\n\n<p>Para brindar un servicio de calidad y de manera inmediata:<\/p>\n\n\n\n<ol class=\"wp-block-list\"><li>Llamar a nuestro Centro de Atenci\u00f3n Telef\u00f3nica (CAT) Lada sin Costo 800-400-9911 el cual opera las 24 horas del d\u00eda, los 365 d\u00edas del a\u00f1o.<\/li><li>Proporcionar su n\u00famero de p\u00f3liza (La cual puede ser proporcionada al comunicarse al n\u00famero de WhatsApp de Servicios Escolares) y\/o nombre completo del afectado.<\/li><li>De acuerdo a la ubicaci\u00f3n del asegurado se indicar\u00e1 el centro hospitalario o cl\u00ednica m\u00e1s cercano.<\/li><li>Se presentara al hospital o cl\u00ednica asignada con la siguiente documentaci\u00f3n:<ul><li>Aviso de accidente totalmente llenado, firmado y sellado por el supervisor o responsable autorizado.<\/li><li>Entregar la carta autorizaci\u00f3n de servicio social o pr\u00e1ctica profesional en caso de estar realizando estas actividades.<\/li><li>Identificaci\u00f3n oficial del asegurado afectado en caso de ser mayor de edad.<\/li><li>Credencial vigente con fotograf\u00eda del Instituto Tecnol\u00f3gico Descentralizado, o Instituto Tecnol\u00f3gico Federal o Centro adscrito al Tecnol\u00f3gico Nacional de M\u00e9xico al que pertenece el alumno.<\/li><\/ul><\/li><li>Recibir\u00e1 la atenci\u00f3n m\u00e9dica en el hospital o cl\u00ednica asignada, el pago lo realizar\u00e1 THONA de manera directa por lo que el asegurado pagara el deducible de $500.00 y los gastos personales no cubiertos y\/o conceptos o gastos no relacionados al accidente cubierto.<\/li><\/ol>\n\n\n\n<p>La Cobertura actual puede ser descargada aqu\u00ed.<\/p>\n\n\n\n<div class=\"wp-block-file\"><a href=\"https:\/\/escolares.lalaguna.tecnm.mx\/web\/wp-content\/uploads\/2020\/08\/CNSF-S0120-0452-2017_CONDUSEF-002736-04.pdf\">CNSF-S0120-0452-2017_CONDUSEF-002736-04<\/a><a href=\"https:\/\/escolares.lalaguna.tecnm.mx\/web\/wp-content\/uploads\/2020\/08\/CNSF-S0120-0452-2017_CONDUSEF-002736-04.pdf\" class=\"wp-block-file__button\" download>Descarga<\/a><\/div>\n","protected":false},"excerpt":{"rendered":"<p>El TecNM-Instituto Tecnol\u00f3gico de la Laguna ofrece a sus alumnos el seguro Institucional a trav\u00e9s de Thona Seguros el cual consta de las siguientes coberturas: Muerte por Accidente o Gastos Funerarios. Perdidas org\u00e1nicas por accidente Escala B. Gastos M\u00e9dicos por Accidente con un deducible de $500.00 Beca por fallecimiento del Padre o Tutor legal. Para [&hellip;]<\/p>\n","protected":false},"author":1,"featured_media":0,"parent":0,"menu_order":0,"comment_status":"closed","ping_status":"closed","template":"","meta":{"footnotes":""},"class_list":["post-155","page","type-page","status-publish","hentry"],"_links":{"self":[{"href":"https:\/\/escolares.lalaguna.tecnm.mx\/web\/index.php\/wp-json\/wp\/v2\/pages\/155","targetHints":{"allow":["GET"]}}],"collection":[{"href":"https:\/\/escolares.lalaguna.tecnm.mx\/web\/index.php\/wp-json\/wp\/v2\/pages"}],"about":[{"href":"https:\/\/escolares.lalaguna.tecnm.mx\/web\/index.php\/wp-json\/wp\/v2\/types\/page"}],"author":[{"embeddable":true,"href":"https:\/\/escolares.lalaguna.tecnm.mx\/web\/index.php\/wp-json\/wp\/v2\/users\/1"}],"replies":[{"embeddable":true,"href":"https:\/\/escolares.lalaguna.tecnm.mx\/web\/index.php\/wp-json\/wp\/v2\/comments?post=155"}],"version-history":[{"count":2,"href":"https:\/\/escolares.lalaguna.tecnm.mx\/web\/index.php\/wp-json\/wp\/v2\/pages\/155\/revisions"}],"predecessor-version":[{"id":159,"href":"https:\/\/escolares.lalaguna.tecnm.mx\/web\/index.php\/wp-json\/wp\/v2\/pages\/155\/revisions\/159"}],"wp:attachment":[{"href":"https:\/\/escolares.lalaguna.tecnm.mx\/web\/index.php\/wp-json\/wp\/v2\/media?parent=155"}],"curies":[{"name":"wp","href":"https:\/\/api.w.org\/{rel}","templated":true}]}}